{"id":74,"date":"2018-07-23T17:59:42","date_gmt":"2018-07-23T17:59:42","guid":{"rendered":"http:\/\/justforjoy.de\/?page_id=74"},"modified":"2022-10-17T07:30:52","modified_gmt":"2022-10-17T07:30:52","slug":"feedback","status":"publish","type":"page","link":"http:\/\/justforjoy.de\/?page_id=74","title":{"rendered":"feedback"},"content":{"rendered":"\n<p class=\"has-text-color\" style=\"color:#f2f2f2\">Es war so aufheiternd und mitrei\u00dfend &#8211; einfach eine beschwingte Stunde. <br>Und ich wusste auch nicht, dass es im Gotteslob so sch\u00f6ne Lieder gibt!<br> &#8211; eine Besucherin des Gottesdienstes in Neusorg im Oktober 2022 &#8211; <\/p>\n\n\n\n<p class=\"has-text-color\" style=\"color:#f2f2f2\">______________________________________________<\/p>\n\n\n\n<p class=\"has-text-color\" style=\"color:#f2f2f2\"><strong>Einige Stimmen aus dem Publikum unserer Jubil\u00e4umskonzerte 2019:<\/strong><\/p>\n\n\n\n<p class=\"has-very-light-gray-color has-text-color\">Das war ein sehr sch\u00f6nes Konzert mit Just for Joy in der Kirche Kemnath. Es tut einfach gut, Menschen zu erleben, die so motiviert sind zu singen. <\/p>\n\n\n\n<p class=\"has-very-light-gray-color has-text-color\">Ein rundum gelungener Auftritt mit tollen Liedern aus vielen Musikrichtungen. Mitrei\u00dfend, einpr\u00e4gsam, ber\u00fchrend. Hat gut getan, war einfach sch\u00f6n.<\/p>\n\n\n\n<p class=\"has-very-light-gray-color has-text-color\">&#8230;.heute habt ihr es geschafft, G\u00e4nsehaut und Tr\u00e4nen zu zaubern. Es war wundersch\u00f6n<\/p>\n\n\n\n<p class=\"has-very-light-gray-color has-text-color\">&#8230;euer Konzert war wundersch\u00f6n und hat mein Herz erfreut. Ich glaube, alle Besucher waren gl\u00fccklich und zufrieden. Danke f\u00fcr diesen Ohrenschmaus.<\/p>\n\n\n\n<p class=\"has-very-light-gray-color has-text-color\">&#8230;euer Konzert war traumhaft sch\u00f6n. Es waren wundersch\u00f6ne Lieder und die Zeit ist viel zu schnell vergangen. Respekt vor eurer Stimmleistung! Ihr d\u00fcrft stolz auf diesen tollen Chor sein.<\/p>\n\n\n\n<p class=\"has-very-light-gray-color has-text-color\">&#8230;.sch\u00f6n habt\u00b4s gsunga, toll wars mal wieder, auch wenns wenig deutschsprachig war. Bin echt froh, dass ich da war.<\/p>\n\n\n\n<p class=\"has-very-light-gray-color has-text-color\">&#8230;es war ein beeindruckendes Konzert. Eure Ausdauer und Euer K\u00f6nnen sind bewundernswert.<\/p>\n\n\n\n<p class=\"has-very-light-gray-color has-text-color\">Das war heute ein ganz tolles Konzert! Besonders die afrikanischen Lieder haben mir super gefallen!<\/p>\n\n\n\n<p class=\"has-very-light-gray-color has-text-color\">_________________________<\/p>\n\n\n\n<p><\/p>\n\n\n\n<p><\/p>\n\n\n\n<p class=\"has-very-light-gray-color has-text-color\">War\ndas eine sch\u00f6ne Kirche mit eurem Super-Chor &#8211; so macht Glaube Spa\u00df !<br>\n&#8211; Besucherin eines Gottesdienstes &#8211; <br>\n<br>\n<\/p>\n\n\n\n<p class=\"has-very-light-gray-color has-text-color\">Liebe\nAndrea,<br>\nihr seid nicht zu toppen, meine Hochachtung und Bewunderung !<br>\n&#8211; ein Besucher des Jubil\u00e4ums Konzerts &#8211;<\/p>\n\n\n\n<p class=\"has-very-light-gray-color has-text-color\">Hallo liebe Frau Kick&#8230;<br> ein ganz herzliches Dankesch\u00f6n zun\u00e4chst mal.<br> War supersuper Klasse, wie der Chor unsere Hochzeit begleitet hat.<br> Waren total \u00fcberw\u00e4ltigt\/begeistert! Auch ein riesiges Dankesch\u00f6n<br> nicht nur Ihnen f\u00fcr alles, sondern auch den S\u00e4ngern und S\u00e4ngerinnen.<br> War ganz ganz toll!!! <br> Auch unsere G\u00e4ste waren total beeindruckt und \u00fcberw\u00e4ltigt von dem Gesang!!! <br> Dankesch\u00f6n!<br> &#8211; ein Brautpaar &#8211;<\/p>\n\n\n\n<p class=\"has-very-light-gray-color has-text-color\">&#8230;wir\nwollten uns auch nochmal f\u00fcr alles bedanken!<br>\nDer Aufritt Ihres Chores war sehr sehr sch\u00f6n!! Haben auch die letzten beiden\nTage danach nur Positives geh\u00f6rt. Viele G\u00e4ste haben sich auch nach dem Namen\netc. des Chores erkundigt!<br>\nWir hatten beide G\u00e4nsehaut. Ich hoffe Ihnen hat der Gottesdienst selber auch\ngefallen.<br>\nHat alles reibungslos geklappt. Die Pl\u00e4tze waren auch sehr sehr gut gew\u00e4hlt. <br>\nMan konnte den Gesang \u00fcberall gut h\u00f6ren&#8230;.<br>\nWir w\u00fcnschen Ihnen noch eine sch\u00f6ne Woche und nochmal vielen DANK!<br>\nWar ein toller Tag bei tollem Wetter f\u00fcr uns \ud83d\ude42<br>\n&#8211; ein Brautpaar &#8211;<\/p>\n\n\n\n<p class=\"has-very-light-gray-color has-text-color\">Wir wollten uns nochmal recht herzlich bedanken f\u00fcr\ndie super musikalische Begleitung.<br>\nEs war wirklich sehr sch\u00f6n. Alle waren begeistert. Vielen vielen Dank<br>\n&#8211; ein Brautpaar &#8211;<\/p>\n","protected":false},"excerpt":{"rendered":"<p>Es war so aufheiternd und mitrei\u00dfend &#8211; einfach eine beschwingte Stunde. Und ich wusste auch nicht, dass es im Gotteslob so sch\u00f6ne Lieder gibt! &#8211; eine Besucherin des Gottesdienstes in Neusorg im Oktober 2022 &#8211; ______________________________________________ Einige Stimmen aus dem Publikum unserer Jubil\u00e4umskonzerte 2019: Das war ein sehr sch\u00f6nes Konzert mit Just for Joy in [&hellip;]<\/p>\n","protected":false},"author":1,"featured_media":0,"parent":0,"menu_order":5,"comment_status":"closed","ping_status":"closed","template":"","meta":{"footnotes":""},"class_list":["post-74","page","type-page","status-publish","hentry"],"_links":{"self":[{"href":"http:\/\/justforjoy.de\/index.php?rest_route=\/wp\/v2\/pages\/74","targetHints":{"allow":["GET"]}}],"collection":[{"href":"http:\/\/justforjoy.de\/index.php?rest_route=\/wp\/v2\/pages"}],"about":[{"href":"http:\/\/justforjoy.de\/index.php?rest_route=\/wp\/v2\/types\/page"}],"author":[{"embeddable":true,"href":"http:\/\/justforjoy.de\/index.php?rest_route=\/wp\/v2\/users\/1"}],"replies":[{"embeddable":true,"href":"http:\/\/justforjoy.de\/index.php?rest_route=%2Fwp%2Fv2%2Fcomments&post=74"}],"version-history":[{"count":6,"href":"http:\/\/justforjoy.de\/index.php?rest_route=\/wp\/v2\/pages\/74\/revisions"}],"predecessor-version":[{"id":540,"href":"http:\/\/justforjoy.de\/index.php?rest_route=\/wp\/v2\/pages\/74\/revisions\/540"}],"wp:attachment":[{"href":"http:\/\/justforjoy.de\/index.php?rest_route=%2Fwp%2Fv2%2Fmedia&parent=74"}],"curies":[{"name":"wp","href":"https:\/\/api.w.org\/{rel}","templated":true}]}}