{"id":68,"date":"2018-07-23T17:59:22","date_gmt":"2018-07-23T17:59:22","guid":{"rendered":"http:\/\/justforjoy.de\/?page_id=68"},"modified":"2026-03-08T16:06:14","modified_gmt":"2026-03-08T16:06:14","slug":"wir-sind-dabei","status":"publish","type":"page","link":"http:\/\/justforjoy.de\/?page_id=68","title":{"rendered":"wir sind dabei"},"content":{"rendered":"\n<p><\/p>\n\n\n\n<h2 class=\"wp-block-heading has-text-color\" style=\"color:#dedede\"><span style=\"color: #000000;\"><strong>C<\/strong><strong>horleitung<\/strong><\/span><\/h2>\n\n\n\n<p class=\"has-text-color\" style=\"color:#dedede\"><strong>Andrea Kick<\/strong><\/p>\n\n\n\n<h2 class=\"wp-block-heading has-text-color\" style=\"color:#f6f6f6\"><span style=\"color: #000000;\"><strong>Sopran<\/strong><\/span><\/h2>\n\n\n\n<p><\/p>\n\n\n\n<p class=\"has-text-color has-link-color wp-elements-8d235a9b873a8a372da479656f13c137\" style=\"color:#dedede\"><strong>Sigrid Eicherm\u00fcller<\/strong><br><strong>Gabi Fraunholz<br>Margit Haller<br>Ingrid Hoffmann<br>Birgit Kastl<br>Sigrid Lux<br>Karin Melzner<br>Nadine Prechtl<br>Claudia Reger<br>C\u00e4cilia S\u00e4nze<br>Sandra Scherm<br>Simone Schmidt<br>Silvia Schraml<\/strong><br><strong>Barbara Thompson<\/strong><br><strong>Berta Wenning<\/strong><\/p>\n\n\n\n<h2 class=\"wp-block-heading\"><span style=\"color: #000000;\"><strong>Alt<\/strong><\/span><\/h2>\n\n\n\n<p class=\"has-text-color has-link-color wp-elements-ae1e80dad6008bf976b1a7dde66b3fba\" style=\"color:#dedede\"><strong>Daniela Deiml<br>Lisa Glowka<br>Bettina Grafberger<br>Beate Koch<br>Bettina Kraus<br>Christiane K\u00fchnelt<br>Herta Murr<br>Carola Reger<br>Agnes Ring<br>Adriana Streckenbach<br><br>Regina Ziegler<\/strong><\/p>\n\n\n\n<h2 class=\"wp-block-heading\"><span style=\"color: #000000;\"><strong>Tenor\/Bass<\/strong><\/span><\/h2>\n\n\n\n<p class=\"has-text-color has-link-color wp-elements-8825a2b889219cf1b94cc0c87dd90a36\" style=\"color:#dedede\"><strong>Elia Brehm<br>Alexander G\u00f6lkel<\/strong><br><strong>Holger Haller<br>Dominik Meister<\/strong><br><strong>Michael Nickl<\/strong><br><strong>Thomas Reger<\/strong><\/p>\n\n\n\n<h2 class=\"wp-block-heading\"><span style=\"color: #000000;\"><strong>Querfl\u00f6te<\/strong><\/span><\/h2>\n\n\n\n<p class=\"has-text-color has-link-color wp-elements-e3fff361dd48e0b89dda84e25705b493\" style=\"color:#dedede\"><strong>Karin Popp<\/strong><\/p>\n\n\n\n<h2 class=\"wp-block-heading\"><span style=\"color: #000000;\"><strong>Keyboard<\/strong><\/span><\/h2>\n\n\n\n<p class=\"has-text-color has-link-color wp-elements-55c8aa0780599b5dd400ba691f14e1e9\" style=\"color:#dedede\"><strong>Clemens Rauch<\/strong><\/p>\n\n\n\n<h2 class=\"wp-block-heading\"><span style=\"color: #000000;\"><strong>Gitarre<\/strong><\/span><\/h2>\n\n\n\n<p class=\"has-text-color has-link-color wp-elements-79c7b9021302c0bf02525771daa95ae1\" style=\"color:#dedede\"><strong>Gerlinde F\u00fcrst<br>Robert Baier<\/strong><\/p>\n\n\n\n<p><\/p>\n","protected":false},"excerpt":{"rendered":"<p>Chorleitung Andrea Kick Sopran Sigrid Eicherm\u00fcllerGabi FraunholzMargit HallerIngrid HoffmannBirgit KastlSigrid LuxKarin MelznerNadine PrechtlClaudia RegerC\u00e4cilia S\u00e4nzeSandra SchermSimone SchmidtSilvia SchramlBarbara ThompsonBerta Wenning Alt Daniela DeimlLisa GlowkaBettina GrafbergerBeate KochBettina KrausChristiane K\u00fchneltHerta MurrCarola RegerAgnes RingAdriana Streckenbach Regina Ziegler Tenor\/Bass Elia BrehmAlexander G\u00f6lkelHolger HallerDominik MeisterMichael NicklThomas Reger Querfl\u00f6te Karin Popp Keyboard Clemens Rauch Gitarre Gerlinde F\u00fcrstRobert Baier<\/p>\n","protected":false},"author":1,"featured_media":0,"parent":0,"menu_order":2,"comment_status":"closed","ping_status":"closed","template":"","meta":{"footnotes":""},"class_list":["post-68","page","type-page","status-publish","hentry"],"_links":{"self":[{"href":"http:\/\/justforjoy.de\/index.php?rest_route=\/wp\/v2\/pages\/68","targetHints":{"allow":["GET"]}}],"collection":[{"href":"http:\/\/justforjoy.de\/index.php?rest_route=\/wp\/v2\/pages"}],"about":[{"href":"http:\/\/justforjoy.de\/index.php?rest_route=\/wp\/v2\/types\/page"}],"author":[{"embeddable":true,"href":"http:\/\/justforjoy.de\/index.php?rest_route=\/wp\/v2\/users\/1"}],"replies":[{"embeddable":true,"href":"http:\/\/justforjoy.de\/index.php?rest_route=%2Fwp%2Fv2%2Fcomments&post=68"}],"version-history":[{"count":28,"href":"http:\/\/justforjoy.de\/index.php?rest_route=\/wp\/v2\/pages\/68\/revisions"}],"predecessor-version":[{"id":828,"href":"http:\/\/justforjoy.de\/index.php?rest_route=\/wp\/v2\/pages\/68\/revisions\/828"}],"wp:attachment":[{"href":"http:\/\/justforjoy.de\/index.php?rest_route=%2Fwp%2Fv2%2Fmedia&parent=68"}],"curies":[{"name":"wp","href":"https:\/\/api.w.org\/{rel}","templated":true}]}}