{"id":648,"date":"2024-01-21T14:34:35","date_gmt":"2024-01-21T14:34:35","guid":{"rendered":"http:\/\/justforjoy.de\/?page_id=648"},"modified":"2026-03-08T16:06:58","modified_gmt":"2026-03-08T16:06:58","slug":"fuer-hochzeiten","status":"publish","type":"page","link":"http:\/\/justforjoy.de\/?page_id=648","title":{"rendered":"&#8230; f\u00fcr Hochzeiten"},"content":{"rendered":"\n<p class=\"has-cyan-bluish-gray-color has-text-color has-link-color wp-elements-aabe676b432e6cc28fc30eb8e6e99b37\">Ain\u00b4t no mountain high enough<\/p>\n\n\n\n<p class=\"has-cyan-bluish-gray-color has-text-color has-link-color wp-elements-452eacf6963893c386a7be987eaf8cca\">Can you feel the Love tonight<\/p>\n\n\n\n<p class=\"has-cyan-bluish-gray-color has-text-color has-link-color wp-elements-27e06b8e4b72b9078495fd9350f8686a\">Can\u00b4t help Falling in Love<\/p>\n\n\n\n<p class=\"has-cyan-bluish-gray-color has-text-color has-link-color wp-elements-950883b5296c0850cf961f843c48b984\">Come, let us sing<\/p>\n\n\n\n<p class=\"has-cyan-bluish-gray-color has-text-color has-link-color wp-elements-948cfe908e8d6ecbabebcfc664f8858c\">Da ber\u00fchren sich Himmel und Erde<\/p>\n\n\n\n<p class=\"has-cyan-bluish-gray-color has-text-color has-link-color wp-elements-7dcc6781bc1b164de66ea5ca4b1e8eb1\">Das Band der Liebe&nbsp; &nbsp;(von guten M\u00e4chten..)<\/p>\n\n\n\n<p class=\"has-cyan-bluish-gray-color has-text-color has-link-color wp-elements-e4b9096ea4ef2480b6203c3e146c653c\">Dir geh\u00f6rt mein Herz<\/p>\n\n\n\n<p class=\"has-cyan-bluish-gray-color has-text-color has-link-color wp-elements-8cf18c6885434f80e8a56fb61f1c27f6\">Du und ich<\/p>\n\n\n\n<p class=\"has-cyan-bluish-gray-color has-text-color has-link-color wp-elements-60cd9ff9e194b92e9c1229edad4c7e23\">Ehrenwort (F\u00e4aschtb\u00e4nkler)<\/p>\n\n\n\n<p class=\"has-cyan-bluish-gray-color has-text-color has-link-color wp-elements-f044fe68817cbeefe7ae75e2787c1dfc\">Ein Kompliment (Sportfreunde Stiller)<\/p>\n\n\n\n<p class=\"has-cyan-bluish-gray-color has-text-color has-link-color wp-elements-c0fb63a7b5dbd8bd72832a22a474b359\">Eingeladen zum Fest des Lebens<\/p>\n\n\n\n<p class=\"has-cyan-bluish-gray-color has-text-color has-link-color wp-elements-004137f8f1b0c2d5ba588928a1478e5f\">Feel again (One Republic)<\/p>\n\n\n\n<p class=\"has-cyan-bluish-gray-color has-text-color has-link-color wp-elements-a30a83919a18be3ffb0f6d5636956d04\">Geh den Weg nicht allein<\/p>\n\n\n\n<p class=\"has-cyan-bluish-gray-color has-text-color has-link-color wp-elements-4f46f0d781c809f3c277011ceb26e453\">Hallelujah &nbsp;(Leonhard Cohen)<\/p>\n\n\n\n<p class=\"has-cyan-bluish-gray-color has-text-color has-link-color wp-elements-4c16680b9b0a5760e1b4e446196ccb7d\">Hallelujah, Salvation and Glory (Halleluja, dir,Quelle des Lebens)<\/p>\n\n\n\n<p class=\"has-cyan-bluish-gray-color has-text-color has-link-color wp-elements-d8cea58dec2c5314d50c3191b3c243ee\">Heilig, ja heilig, ja heilig ist der Herr<\/p>\n\n\n\n<p class=\"has-cyan-bluish-gray-color has-text-color has-link-color wp-elements-ae283620e60cd90b0058981a1dd0a068\">I will follow him<\/p>\n\n\n\n<p class=\"has-cyan-bluish-gray-color has-text-color has-link-color wp-elements-162773ac7ef293919da433ea13e629f0\">I\u2019ve got a feeling<\/p>\n\n\n\n<p class=\"has-cyan-bluish-gray-color has-text-color has-link-color wp-elements-e38e97ae3fcbb72ff9763c725b63d9ad\">Ich f\u00fchl wie du&nbsp; (aus Tabaluga)<\/p>\n\n\n\n<p class=\"has-cyan-bluish-gray-color has-text-color has-link-color wp-elements-7f0db9cbb5ca5b7ba7c5058ecb437528\">Ich lobe meinen Gott<\/p>\n\n\n\n<p class=\"has-cyan-bluish-gray-color has-text-color has-link-color wp-elements-4d44a217ff0b9082b4aebd5349dfebde\">Ich lobe meinen Gott&nbsp; (Gloria)<\/p>\n\n\n\n<p class=\"has-cyan-bluish-gray-color has-text-color has-link-color wp-elements-fe5a5f49b327ec8d3947393f149acb5f\">In your Arms<\/p>\n\n\n\n<p class=\"has-cyan-bluish-gray-color has-text-color has-link-color wp-elements-070bb1418ac3115852e13f0d0fbe597e\">In Your Name<\/p>\n\n\n\n<p class=\"has-cyan-bluish-gray-color has-text-color has-link-color wp-elements-566fd82e1473c85c13971d4bff1f38d2\">Jesus Christ, you are my life<\/p>\n\n\n\n<p class=\"has-cyan-bluish-gray-color has-text-color has-link-color wp-elements-f6fff95d5fcda769d83d90135536d0be\">Jesus, gib uns Menschen deinen Frieden<\/p>\n\n\n\n<p class=\"has-cyan-bluish-gray-color has-text-color has-link-color wp-elements-b2c1cc7737605d9e20251f532c829966\">Leben ist ein Geschenk \/ Liebe ist ein Geschenk<\/p>\n\n\n\n<p class=\"has-cyan-bluish-gray-color has-text-color has-link-color wp-elements-10c58d32c42e6f47673f29cef48a7d23\">Let us stand<\/p>\n\n\n\n<p class=\"has-cyan-bluish-gray-color has-text-color has-link-color wp-elements-32400a61506bf988b8a3ccf80f7dd280\">Lord, Reign in Me<\/p>\n\n\n\n<p class=\"has-cyan-bluish-gray-color has-text-color has-link-color wp-elements-61b9b2f3aaf71985bd2b7b1d3d9f8ac5\">Magnificat: Glorify the Lord<\/p>\n\n\n\n<p class=\"has-cyan-bluish-gray-color has-text-color has-link-color wp-elements-d30c0fd2a2c432be5bdcdf72283cb17f\">M\u00f6gen Engel dich begleiten<\/p>\n\n\n\n<p class=\"has-cyan-bluish-gray-color has-text-color has-link-color wp-elements-9bcb711e7859be5289aa405b09d6a3c5\">Nothing Else Matters&nbsp;&nbsp;&nbsp; &#8211; Metallica &#8211; <\/p>\n\n\n\n<p class=\"has-cyan-bluish-gray-color has-text-color has-link-color wp-elements-3cbb67c1425ec7acbaa809b6dc2e553c\">Only You<\/p>\n\n\n\n<p class=\"has-cyan-bluish-gray-color has-text-color has-link-color wp-elements-33936d447110992e67bd8888213a37cb\">Open the eyes of my heart<\/p>\n\n\n\n<p class=\"has-cyan-bluish-gray-color has-text-color has-link-color wp-elements-e60aab1e5384bbed1832cd09997a6a40\">Put your hand<\/p>\n\n\n\n<p class=\"has-cyan-bluish-gray-color has-text-color has-link-color wp-elements-daf454d28e6bdd0f6d6c30f3de9ae43c\">Safe and Sound<\/p>\n\n\n\n<p class=\"has-cyan-bluish-gray-color has-text-color has-link-color wp-elements-a096db21073a9f2d0822a6777a304de1\">Schalom, Friede sei mit euch<\/p>\n\n\n\n<p class=\"has-cyan-bluish-gray-color has-text-color has-link-color wp-elements-3e4cba8ab699c2210318dddd18adb604\">Schau\u00b4mich an mit den Augen deines Herzens<\/p>\n\n\n\n<p class=\"has-cyan-bluish-gray-color has-text-color has-link-color wp-elements-296491097b56196dcdf9ce9bf01e00b9\">Shout Amen!<\/p>\n\n\n\n<p class=\"has-cyan-bluish-gray-color has-text-color has-link-color wp-elements-7b6c3377aaf38c0cd47ad991c3ff8395\">Sing a Song to the Lord`s holy Name (Liam Lawton)<\/p>\n\n\n\n<p class=\"has-cyan-bluish-gray-color has-text-color has-link-color wp-elements-bd23131f81d54d377a3f9149c1d34277\">Sing to the lord (Singt unserm Gott)<\/p>\n\n\n\n<p class=\"has-cyan-bluish-gray-color has-text-color has-link-color wp-elements-aba1903e1ba93225f81511f4d344e3e0\">The Rose&nbsp; (wir steh\u00b4n am Anfang eines Weges)<\/p>\n\n\n\n<p class=\"has-cyan-bluish-gray-color has-text-color has-link-color wp-elements-824bd151d762e3926c240693f6b364ed\">Vater unser<\/p>\n\n\n\n<p class=\"has-cyan-bluish-gray-color has-text-color has-link-color wp-elements-8346971fca0fc501d812ad51f9528d57\">Von Guten M\u00e4chten\u2026 &nbsp;&nbsp;(Das Band der Liebe)<\/p>\n\n\n\n<p class=\"has-cyan-bluish-gray-color has-text-color has-link-color wp-elements-406695e60d4310f3cd1ebb940f614279\">Wer, wenn nicht wir<\/p>\n\n\n\n<p class=\"has-cyan-bluish-gray-color has-text-color has-link-color wp-elements-797bdccdf9907db8f3beb7d5ffcb44a2\">What a happy day<\/p>\n\n\n\n<p class=\"has-cyan-bluish-gray-color has-text-color has-link-color wp-elements-290ba63f6de6a8af91aa2a93096900b7\">Where peaceful waters flow<\/p>\n\n\n\n<p class=\"has-cyan-bluish-gray-color has-text-color has-link-color wp-elements-14291eb76ef7063b77c7604bd54b30a0\">Wir stehn am Anfang eines Weges&nbsp; &#8211; (The Rose)<\/p>\n\n\n\n<p class=\"has-cyan-bluish-gray-color has-text-color has-link-color wp-elements-394b8efe76453b61a7b18193365b9d69\">Wo Menschen sich vergessen<\/p>\n\n\n\n<p class=\"has-cyan-bluish-gray-color has-text-color has-link-color wp-elements-7b5974fffaf95599cf3a71bcdb58756a\">You raise me up<\/p>\n","protected":false},"excerpt":{"rendered":"<p>Ain\u00b4t no mountain high enough Can you feel the Love tonight Can\u00b4t help Falling in Love Come, let us sing Da ber\u00fchren sich Himmel und Erde Das Band der Liebe&nbsp; &nbsp;(von guten M\u00e4chten..) Dir geh\u00f6rt mein Herz Du und ich Ehrenwort (F\u00e4aschtb\u00e4nkler) Ein Kompliment (Sportfreunde Stiller) Eingeladen zum Fest des Lebens Feel again (One Republic) [&hellip;]<\/p>\n","protected":false},"author":1,"featured_media":0,"parent":72,"menu_order":2,"comment_status":"closed","ping_status":"closed","template":"","meta":{"footnotes":""},"class_list":["post-648","page","type-page","status-publish","hentry"],"_links":{"self":[{"href":"http:\/\/justforjoy.de\/index.php?rest_route=\/wp\/v2\/pages\/648","targetHints":{"allow":["GET"]}}],"collection":[{"href":"http:\/\/justforjoy.de\/index.php?rest_route=\/wp\/v2\/pages"}],"about":[{"href":"http:\/\/justforjoy.de\/index.php?rest_route=\/wp\/v2\/types\/page"}],"author":[{"embeddable":true,"href":"http:\/\/justforjoy.de\/index.php?rest_route=\/wp\/v2\/users\/1"}],"replies":[{"embeddable":true,"href":"http:\/\/justforjoy.de\/index.php?rest_route=%2Fwp%2Fv2%2Fcomments&post=648"}],"version-history":[{"count":6,"href":"http:\/\/justforjoy.de\/index.php?rest_route=\/wp\/v2\/pages\/648\/revisions"}],"predecessor-version":[{"id":829,"href":"http:\/\/justforjoy.de\/index.php?rest_route=\/wp\/v2\/pages\/648\/revisions\/829"}],"up":[{"embeddable":true,"href":"http:\/\/justforjoy.de\/index.php?rest_route=\/wp\/v2\/pages\/72"}],"wp:attachment":[{"href":"http:\/\/justforjoy.de\/index.php?rest_route=%2Fwp%2Fv2%2Fmedia&parent=648"}],"curies":[{"name":"wp","href":"https:\/\/api.w.org\/{rel}","templated":true}]}}